{"id":1076,"date":"2023-08-20T15:14:04","date_gmt":"2023-08-20T13:14:04","guid":{"rendered":"https:\/\/trilzone.com\/?page_id=1076"},"modified":"2025-06-17T17:33:19","modified_gmt":"2025-06-17T15:33:19","slug":"impressum","status":"publish","type":"page","link":"https:\/\/scap.ch\/?page_id=1076","title":{"rendered":"Impressum"},"content":{"rendered":"\t\t<div data-elementor-type=\"wp-page\" data-elementor-id=\"1076\" class=\"elementor elementor-1076\" data-elementor-post-type=\"page\">\n\t\t\t\t\t\t<section class=\"elementor-section elementor-top-section elementor-element elementor-element-21f73d82 elementor-section-boxed elementor-section-height-default elementor-section-height-default\" data-id=\"21f73d82\" data-element_type=\"section\" data-e-type=\"section\">\n\t\t\t\t\t\t<div class=\"elementor-container elementor-column-gap-default\">\n\t\t\t\t\t<div class=\"elementor-column elementor-col-100 elementor-top-column elementor-element elementor-element-7c6e8b0b\" data-id=\"7c6e8b0b\" data-element_type=\"column\" data-e-type=\"column\">\n\t\t\t<div class=\"elementor-widget-wrap elementor-element-populated\">\n\t\t\t\t\t\t<div class=\"elementor-element elementor-element-620d475a elementor-widget elementor-widget-spacer\" data-id=\"620d475a\" data-element_type=\"widget\" data-e-type=\"widget\" data-widget_type=\"spacer.default\">\n\t\t\t\t<div class=\"elementor-widget-container\">\n\t\t\t\t\t\t\t<div class=\"elementor-spacer\">\n\t\t\t<div class=\"elementor-spacer-inner\"><\/div>\n\t\t<\/div>\n\t\t\t\t\t\t<\/div>\n\t\t\t\t<\/div>\n\t\t\t\t\t<\/div>\n\t\t<\/div>\n\t\t\t\t\t<\/div>\n\t\t<\/section>\n\t\t\t\t<section class=\"elementor-section elementor-top-section elementor-element elementor-element-1d804cdf elementor-section-full_width elementor-section-height-default elementor-section-height-default\" data-id=\"1d804cdf\" data-element_type=\"section\" data-e-type=\"section\">\n\t\t\t\t\t\t<div class=\"elementor-container elementor-column-gap-default\">\n\t\t\t\t\t<div class=\"elementor-column elementor-col-100 elementor-top-column elementor-element elementor-element-25f9bf9c\" data-id=\"25f9bf9c\" data-element_type=\"column\" data-e-type=\"column\">\n\t\t\t<div class=\"elementor-widget-wrap elementor-element-populated\">\n\t\t\t\t\t\t<div class=\"elementor-element elementor-element-122032e0 elementor--h-position-center elementor--v-position-middle elementor-arrows-position-inside elementor-pagination-position-inside elementor-widget elementor-widget-slides\" data-id=\"122032e0\" data-element_type=\"widget\" data-e-type=\"widget\" data-settings=\"{&quot;navigation&quot;:&quot;both&quot;,&quot;autoplay&quot;:&quot;yes&quot;,&quot;pause_on_hover&quot;:&quot;yes&quot;,&quot;pause_on_interaction&quot;:&quot;yes&quot;,&quot;autoplay_speed&quot;:5000,&quot;infinite&quot;:&quot;yes&quot;,&quot;transition&quot;:&quot;slide&quot;,&quot;transition_speed&quot;:500}\" data-widget_type=\"slides.default\">\n\t\t\t\t<div class=\"elementor-widget-container\">\n\t\t\t\t\t\t\t\t\t<div class=\"elementor-swiper\">\n\t\t\t\t\t<div class=\"elementor-slides-wrapper elementor-main-swiper swiper\" role=\"region\" aria-roledescription=\"carousel\" aria-label=\"Slides\" dir=\"ltr\" data-animation=\"fadeInUp\">\n\t\t\t\t<div class=\"swiper-wrapper elementor-slides\">\n\t\t\t\t\t\t\t\t\t\t<div class=\"elementor-repeater-item-c8e8bf7 swiper-slide\" role=\"group\" aria-roledescription=\"slide\"><div class=\"swiper-slide-bg elementor-ken-burns elementor-ken-burns--in\" role=\"img\" aria-label=\"png123\"><\/div><div class=\"elementor-background-overlay\"><\/div><div class=\"swiper-slide-inner\" ><div class=\"swiper-slide-contents\"><div class=\"elementor-slide-heading\">Impressum<\/div><div class=\"elementor-slide-description\">SEGELCLUB AM PF\u00c4FFIKERSEE<\/div><\/div><\/div><\/div>\t\t\t\t<\/div>\n\t\t\t\t\t\t\t<\/div>\n\t\t\t\t<\/div>\n\t\t\t\t\t\t\t\t<\/div>\n\t\t\t\t<\/div>\n\t\t\t\t<div class=\"elementor-element elementor-element-195918c elementor-widget elementor-widget-text-editor\" data-id=\"195918c\" data-element_type=\"widget\" data-e-type=\"widget\" data-widget_type=\"text-editor.default\">\n\t\t\t\t<div class=\"elementor-widget-container\">\n\t\t\t\t\t\t\t\t\t<div style=\"border: 0px; font-variant-numeric: inherit; font-variant-east-asian: inherit; font-variant-alternates: inherit; font-stretch: inherit; font-size: 14px; line-height: 21px; font-family: Lato, sans-serif; font-optical-sizing: inherit; font-kerning: inherit; font-feature-settings: inherit; font-variation-settings: inherit; vertical-align: baseline; color: #000000;\">\n<h1 style=\"margin-bottom: 30px; border: 0px; font-style: inherit; font-variant: inherit; font-weight: bold; font-stretch: inherit; font-size: 20px; line-height: 30px; font-optical-sizing: inherit; font-kerning: inherit; font-feature-settings: inherit; font-variation-settings: inherit; vertical-align: baseline; font-family: Oswald !important;\"><span style=\"color: #090b6a;\"><strong style=\"font-family: inherit; font-size: inherit; font-style: inherit; font-variant: inherit; border: 0px; font-weight: bold; font-stretch: inherit; line-height: 21px; font-optical-sizing: inherit; font-kerning: inherit; font-feature-settings: inherit; font-variation-settings: inherit; vertical-align: baseline;\">Segelclub am Pf\u00e4ffikersee (SCaP)<\/strong><\/span><\/h1>\n<p style=\"margin-bottom: 15px; border: 0px; font-style: inherit; font-variant: inherit; font-weight: inherit; font-stretch: inherit; font-size: inherit; line-height: 21px; font-family: inherit; font-optical-sizing: inherit; font-kerning: inherit; font-feature-settings: inherit; font-variation-settings: inherit; vertical-align: baseline;\"><span style=\"color: #090b6a;\">Diese Website informiert \u00fcber den Segelclub am Pf\u00e4ffikersee.&nbsp;Der SCaP ist Mitglied von&nbsp;Swiss Sailing&nbsp;und des Z\u00fcrichsee-Segelverbands.<\/span><\/p>\n<p style=\"margin-bottom: 15px; border: 0px; font-style: inherit; font-variant: inherit; font-weight: inherit; font-stretch: inherit; font-size: inherit; line-height: 21px; font-family: inherit; font-optical-sizing: inherit; font-kerning: inherit; font-feature-settings: inherit; font-variation-settings: inherit; vertical-align: baseline;\"><span style=\"color: #090b6a;\">Die Ziele des Clubs sind:<\/span><\/p>\n<ul style=\"margin-bottom: 15px; margin-left: 0px; border: 0px; font-style: inherit; font-variant: inherit; font-weight: inherit; font-stretch: inherit; font-size: inherit; line-height: 21px; font-family: inherit; font-optical-sizing: inherit; font-kerning: inherit; font-feature-settings: inherit; font-variation-settings: inherit; vertical-align: baseline; list-style: none;\">\n<li style=\"margin-left: 20px; border: 0px; font-style: inherit; font-variant: inherit; font-weight: inherit; font-stretch: inherit; font-size: inherit; line-height: 21px; font-family: inherit; font-optical-sizing: inherit; font-kerning: inherit; font-feature-settings: inherit; font-variation-settings: inherit; vertical-align: baseline; list-style-type: square;\"><span style=\"color: #090b6a;\">Aus\u00fcbung des Segelsports auf dem Pf\u00e4ffikersee<\/span><\/li>\n<li style=\"margin-left: 20px; border: 0px; font-style: inherit; font-variant: inherit; font-weight: inherit; font-stretch: inherit; font-size: inherit; line-height: 21px; font-family: inherit; font-optical-sizing: inherit; font-kerning: inherit; font-feature-settings: inherit; font-variation-settings: inherit; vertical-align: baseline; list-style-type: square;\"><span style=\"color: #090b6a;\">Durchf\u00fchrung von Regatten<\/span><\/li>\n<li style=\"margin-left: 20px; border: 0px; font-style: inherit; font-variant: inherit; font-weight: inherit; font-stretch: inherit; font-size: inherit; line-height: 21px; font-family: inherit; font-optical-sizing: inherit; font-kerning: inherit; font-feature-settings: inherit; font-variation-settings: inherit; vertical-align: baseline; list-style-type: square;\"><span style=\"color: #090b6a;\">Pflege der Kameradschaft<\/span><\/li>\n<li style=\"margin-left: 20px; border: 0px; font-style: inherit; font-variant: inherit; font-weight: inherit; font-stretch: inherit; font-size: inherit; line-height: 21px; font-family: inherit; font-optical-sizing: inherit; font-kerning: inherit; font-feature-settings: inherit; font-variation-settings: inherit; vertical-align: baseline; list-style-type: square;\"><span style=\"color: #090b6a;\">Wahrung gemeinsamer Interessen<\/span><\/li>\n<li style=\"margin-left: 20px; border: 0px; font-style: inherit; font-variant: inherit; font-weight: inherit; font-stretch: inherit; font-size: inherit; line-height: 21px; font-family: inherit; font-optical-sizing: inherit; font-kerning: inherit; font-feature-settings: inherit; font-variation-settings: inherit; vertical-align: baseline; list-style-type: square;\"><span style=\"color: #090b6a;\">F\u00f6rderung des seglerischen Nachwuchses<\/span><\/li>\n<\/ul>\n<p style=\"margin-bottom: 15px; border: 0px; font-style: inherit; font-variant: inherit; font-weight: inherit; font-stretch: inherit; font-size: inherit; line-height: 21px; font-family: inherit; font-optical-sizing: inherit; font-kerning: inherit; font-feature-settings: inherit; font-variation-settings: inherit; vertical-align: baseline;\"><span style=\"color: #090b6a;\"><strong style=\"border: 0px; font-style: inherit; font-variant: inherit; font-weight: bold; font-stretch: inherit; font-size: inherit; line-height: 21px; font-family: inherit; font-optical-sizing: inherit; font-kerning: inherit; font-feature-settings: inherit; font-variation-settings: inherit; vertical-align: baseline;\">Kontakt<\/strong><\/span><\/p>\n<p style=\"margin-bottom: 15px; border: 0px; font-style: inherit; font-variant: inherit; font-weight: inherit; font-stretch: inherit; font-size: inherit; line-height: 21px; font-family: inherit; font-optical-sizing: inherit; font-kerning: inherit; font-feature-settings: inherit; font-variation-settings: inherit; vertical-align: baseline;\"><span style=\"color: #090b6a;\">Segelclub am Pf\u00e4ffikersee (SCaP)<\/span><br style=\"line-height: 21px;\"><span style=\"color: #090b6a;\">c\/o&nbsp;<\/span><span style=\"color: #090b6a;\">Ren\u00e9 Cermak<\/span><br style=\"line-height: 21px;\">Sonnenbergstrasse 8<br style=\"line-height: 21px;\"><span style=\"color: #090b6a;\">8340 Hinwil<\/span><\/p>\n<p style=\"margin-bottom: 15px; border: 0px; font-style: inherit; font-variant: inherit; font-weight: inherit; font-stretch: inherit; font-size: inherit; line-height: 21px; font-family: inherit; font-optical-sizing: inherit; font-kerning: inherit; font-feature-settings: inherit; font-variation-settings: inherit; vertical-align: baseline;\"><span style=\"color: #090b6a;\">E-Mail:&nbsp;<a style=\"border: 0px; font-style: inherit; font-variant: inherit; font-weight: inherit; font-stretch: inherit; font-size: inherit; line-height: 21px; font-family: inherit; font-optical-sizing: inherit; font-kerning: inherit; font-feature-settings: inherit; font-variation-settings: inherit; vertical-align: baseline; color: #090b6a;\" href=\"mailto:info@scap.ch\">info@scap.ch<\/a><\/span><\/p>\n<p style=\"margin-bottom: 15px; border: 0px; font-style: inherit; font-variant: inherit; font-weight: inherit; font-stretch: inherit; font-size: inherit; line-height: 21px; font-family: inherit; font-optical-sizing: inherit; font-kerning: inherit; font-feature-settings: inherit; font-variation-settings: inherit; vertical-align: baseline;\"><span style=\"color: #090b6a;\"><strong style=\"border: 0px; font-style: inherit; font-variant: inherit; font-weight: bold; font-stretch: inherit; font-size: inherit; line-height: 21px; font-family: inherit; font-optical-sizing: inherit; font-kerning: inherit; font-feature-settings: inherit; font-variation-settings: inherit; vertical-align: baseline;\">Pr\u00e4sident<\/strong><\/span><\/p>\n<p style=\"margin-bottom: 15px; border: 0px; font-style: inherit; font-variant: inherit; font-weight: inherit; font-stretch: inherit; font-size: inherit; line-height: 21px; font-family: inherit; font-optical-sizing: inherit; font-kerning: inherit; font-feature-settings: inherit; font-variation-settings: inherit; vertical-align: baseline;\"><span style=\"color: #090b6a;\">Ren\u00e9 Cermak<\/span><br style=\"line-height: 21px;\">Sonnenbergstrasse 8<br style=\"line-height: 21px;\"><span style=\"color: #090b6a;\">8340 Hinwil<br><\/span><\/p>\n<p style=\"margin-bottom: 15px; border: 0px; font-style: inherit; font-variant: inherit; font-weight: inherit; font-stretch: inherit; font-size: inherit; line-height: 21px; font-family: inherit; font-optical-sizing: inherit; font-kerning: inherit; font-feature-settings: inherit; font-variation-settings: inherit; vertical-align: baseline;\"><span style=\"color: #090b6a;\"><strong style=\"border: 0px; font-style: inherit; font-variant: inherit; font-weight: bold; font-stretch: inherit; font-size: inherit; line-height: 21px; font-family: inherit; font-optical-sizing: inherit; font-kerning: inherit; font-feature-settings: inherit; font-variation-settings: inherit; vertical-align: baseline;\">Ansprechpartner Web<\/strong><\/span><\/p>\n<p style=\"margin-bottom: 15px; border: 0px; font-style: inherit; font-variant: inherit; font-weight: inherit; font-stretch: inherit; font-size: inherit; line-height: 21px; font-family: inherit; font-optical-sizing: inherit; font-kerning: inherit; font-feature-settings: inherit; font-variation-settings: inherit; vertical-align: baseline;\">Ernst L\u00e4sser<br style=\"line-height: 21px;\"><span style=\"color: #090b6a;\">ernst.laesser<a style=\"border: 0px; font-style: inherit; font-variant: inherit; font-weight: inherit; font-stretch: inherit; font-size: inherit; line-height: 21px; font-family: inherit; font-optical-sizing: inherit; font-kerning: inherit; font-feature-settings: inherit; font-variation-settings: inherit; vertical-align: baseline; color: #090b6a;\" href=\"mailto:info@scap.ch\">@scap.ch<\/a><\/span><\/p>\n<p style=\"margin-bottom: 15px; border: 0px; font-style: inherit; font-variant: inherit; font-weight: inherit; font-stretch: inherit; font-size: inherit; line-height: 21px; font-family: inherit; font-optical-sizing: inherit; font-kerning: inherit; font-feature-settings: inherit; font-variation-settings: inherit; vertical-align: baseline;\"><span style=\"color: #090b6a;\"><strong style=\"border: 0px; font-style: inherit; font-variant: inherit; font-weight: bold; font-stretch: inherit; font-size: inherit; line-height: 21px; font-family: inherit; font-optical-sizing: inherit; font-kerning: inherit; font-feature-settings: inherit; font-variation-settings: inherit; vertical-align: baseline;\">Webdesign<\/strong><\/span><\/p>\n<p><span style=\"color: #090b6a;\">TRILzone<\/span><\/p><\/div>\n<div style=\"border: 0px; font-variant-numeric: inherit; font-variant-east-asian: inherit; font-variant-alternates: inherit; font-stretch: inherit; font-size: 14px; line-height: 21px; font-family: Lato, sans-serif; font-optical-sizing: inherit; font-kerning: inherit; font-feature-settings: inherit; font-variation-settings: inherit; vertical-align: baseline; color: #000000;\">\n<p style=\"margin-bottom: 15px; border: 0px; font-style: inherit; font-variant: inherit; font-weight: inherit; font-stretch: inherit; font-size: inherit; line-height: 21px; font-family: inherit; font-optical-sizing: inherit; font-kerning: inherit; font-feature-settings: inherit; font-variation-settings: inherit; vertical-align: baseline;\"><span style=\"color: #090b6a;\"><a style=\"border: 0px; font-style: inherit; font-variant: inherit; font-weight: inherit; font-stretch: inherit; font-size: inherit; line-height: 21px; font-family: inherit; font-optical-sizing: inherit; font-kerning: inherit; font-feature-settings: inherit; font-variation-settings: inherit; vertical-align: baseline; color: #090b6a;\" href=\"http:\/\/www.idude.ch\" target=\"_blank\" rel=\"noopener\">www.idude.ch<\/a><\/span><\/p>\n<\/div>\n<div style=\"border: 0px; font-variant-numeric: inherit; font-variant-east-asian: inherit; font-variant-alternates: inherit; font-stretch: inherit; font-size: 14px; line-height: 21px; font-family: Lato, sans-serif; font-optical-sizing: inherit; font-kerning: inherit; font-feature-settings: inherit; font-variation-settings: inherit; vertical-align: baseline; color: #000000;\">\n<p style=\"margin-bottom: 15px; border: 0px; font-style: inherit; font-variant: inherit; font-weight: inherit; font-stretch: inherit; font-size: inherit; line-height: 21px; font-family: inherit; font-optical-sizing: inherit; font-kerning: inherit; font-feature-settings: inherit; font-variation-settings: inherit; vertical-align: baseline;\"><span style=\"color: #090b6a;\"><strong style=\"border: 0px; font-style: inherit; font-variant: inherit; font-weight: bold; font-stretch: inherit; font-size: inherit; line-height: 21px; font-family: inherit; font-optical-sizing: inherit; font-kerning: inherit; font-feature-settings: inherit; font-variation-settings: inherit; vertical-align: baseline;\">Haftungsausschluss<\/strong><\/span><\/p>\n<p style=\"margin-bottom: 15px; border: 0px; font-style: inherit; font-variant: inherit; font-weight: inherit; font-stretch: inherit; font-size: inherit; line-height: 21px; font-family: inherit; font-optical-sizing: inherit; font-kerning: inherit; font-feature-settings: inherit; font-variation-settings: inherit; vertical-align: baseline;\"><span style=\"color: #090b6a;\">Alle&nbsp;Daten, welche auf unseren Seiten angezeigt werden, sind ausschliesslich f\u00fcr Informationszwecke gedacht.<\/span><\/p>\n<p style=\"margin-bottom: 15px; border: 0px; font-style: inherit; font-variant: inherit; font-weight: inherit; font-stretch: inherit; font-size: inherit; line-height: 21px; font-family: inherit; font-optical-sizing: inherit; font-kerning: inherit; font-feature-settings: inherit; font-variation-settings: inherit; vertical-align: baseline;\"><span style=\"color: #090b6a;\">Jegliche&nbsp;Haftung f\u00fcr fehlerhafte oder ungenaue Daten wird abgelehnt. Das gilt insbesondere f\u00fcr Sturm- oder Wetterwarnungen, Voraussagen, Ank\u00fcndigungen und Empfehlungen in allen Viewports (Phone, Tablet, Desktop, etc.).<\/span><\/p>\n<\/div>\t\t\t\t\t\t\t\t<\/div>\n\t\t\t\t<\/div>\n\t\t\t\t\t<\/div>\n\t\t<\/div>\n\t\t\t\t\t<\/div>\n\t\t<\/section>\n\t\t\t\t<\/div>\n\t\t","protected":false},"excerpt":{"rendered":"<p>ImpressumSEGELCLUB AM PF\u00c4FFIKERSEE Segelclub am Pf\u00e4ffikersee (SCaP) Diese Website informiert \u00fcber den Segelclub am Pf\u00e4ffikersee.&nbsp;Der SCaP ist Mitglied von&nbsp;Swiss Sailing&nbsp;und des Z\u00fcrichsee-Segelverbands. Die Ziele des Clubs sind: Aus\u00fcbung des Segelsports auf dem Pf\u00e4ffikersee Durchf\u00fchrung von Regatten Pflege der Kameradschaft Wahrung gemeinsamer Interessen F\u00f6rderung des seglerischen Nachwuchses Kontakt Segelclub am Pf\u00e4ffikersee (SCaP)c\/o&nbsp;Ren\u00e9 CermakSonnenbergstrasse 88340 Hinwil E-Mail:&nbsp;info@scap.ch [&hellip;]<\/p>\n","protected":false},"author":1,"featured_media":0,"parent":0,"menu_order":0,"comment_status":"closed","ping_status":"closed","template":"template-full-width.php","meta":{"footnotes":""},"class_list":["post-1076","page","type-page","status-publish","hentry"],"_links":{"self":[{"href":"https:\/\/scap.ch\/index.php?rest_route=\/wp\/v2\/pages\/1076","targetHints":{"allow":["GET"]}}],"collection":[{"href":"https:\/\/scap.ch\/index.php?rest_route=\/wp\/v2\/pages"}],"about":[{"href":"https:\/\/scap.ch\/index.php?rest_route=\/wp\/v2\/types\/page"}],"author":[{"embeddable":true,"href":"https:\/\/scap.ch\/index.php?rest_route=\/wp\/v2\/users\/1"}],"replies":[{"embeddable":true,"href":"https:\/\/scap.ch\/index.php?rest_route=%2Fwp%2Fv2%2Fcomments&post=1076"}],"version-history":[{"count":20,"href":"https:\/\/scap.ch\/index.php?rest_route=\/wp\/v2\/pages\/1076\/revisions"}],"predecessor-version":[{"id":2225,"href":"https:\/\/scap.ch\/index.php?rest_route=\/wp\/v2\/pages\/1076\/revisions\/2225"}],"wp:attachment":[{"href":"https:\/\/scap.ch\/index.php?rest_route=%2Fwp%2Fv2%2Fmedia&parent=1076"}],"curies":[{"name":"wp","href":"https:\/\/api.w.org\/{rel}","templated":true}]}}