{"id":1414,"date":"2024-03-29T22:45:34","date_gmt":"2024-03-29T20:45:34","guid":{"rendered":"https:\/\/scap-test.ch\/?page_id=1414"},"modified":"2026-02-28T15:27:33","modified_gmt":"2026-02-28T13:27:33","slug":"segel-grundkurs-fuer-erwachsene","status":"publish","type":"page","link":"https:\/\/scap.ch\/?page_id=1414","title":{"rendered":"Segel-Grundkurs f\u00fcr Erwachsene"},"content":{"rendered":"\t\t<div data-elementor-type=\"wp-page\" data-elementor-id=\"1414\" class=\"elementor elementor-1414\" data-elementor-post-type=\"page\">\n\t\t\t\t\t\t<section class=\"elementor-section elementor-top-section elementor-element elementor-element-4f97416 elementor-section-boxed elementor-section-height-default elementor-section-height-default\" data-id=\"4f97416\" data-element_type=\"section\" data-e-type=\"section\">\n\t\t\t\t\t\t<div class=\"elementor-container elementor-column-gap-default\">\n\t\t\t\t\t<div class=\"elementor-column elementor-col-100 elementor-top-column elementor-element elementor-element-5d9a64a\" data-id=\"5d9a64a\" data-element_type=\"column\" data-e-type=\"column\">\n\t\t\t<div class=\"elementor-widget-wrap elementor-element-populated\">\n\t\t\t\t\t\t<div class=\"elementor-element elementor-element-5bde690 elementor-widget elementor-widget-text-editor\" data-id=\"5bde690\" data-element_type=\"widget\" data-e-type=\"widget\" data-widget_type=\"text-editor.default\">\n\t\t\t\t<div class=\"elementor-widget-container\">\n\t\t\t\t\t\t\t\t\t<p>Als vorbereitung auf den D-Schein bietet der SCaP 2026 erneut einen Kundkurs f\u00fcr Erwachsene an. Alle Angaben findest Du hier:<\/p>\t\t\t\t\t\t\t\t<\/div>\n\t\t\t\t<\/div>\n\t\t\t\t<div class=\"elementor-element elementor-element-e7d2ce4 elementor-widget elementor-widget-text-editor\" data-id=\"e7d2ce4\" data-element_type=\"widget\" data-e-type=\"widget\" data-widget_type=\"text-editor.default\">\n\t\t\t\t<div class=\"elementor-widget-container\">\n\t\t\t\t\t\t\t\t\t<ul>\n \t<li>Kursform: Gruppenkurs mit 2 &#8211; 6 Teilnehmern<\/li>\n \t<li>Inhalt:<\/li>\n<ul>\n \t<li>Bewegung\/Man\u00f6ver auf dem Wasser: verschiedene Kurse, Kurswechsel, Wenden, Halsen<\/li>\n \t<li>Spezielle Man\u00f6ver: Segel setzen und bergen, An- und Ablegeman\u00f6ver, Mann \u00fcber Bord, Anker setzen<\/li>\n \t<li>Seemannskunde: Knoten, Schiff festmachen, Standort- und Kursbestimmung<\/li>\n \t<li>Sicherheit: Wetterbeurteilung, Brand, Wassereinbruch<\/li>\n<\/ul>\n \t<li>Boot: Klaar Kimming (ZK-10)<\/li>\n \t<li>Leitung: Martin Weilenmann. Bei mehr als 6 Anmeldungen oder anderen Terminw\u00fcnschen bietet Michael Schmitt auf anderen Booten den gleichen Kurs an.<\/li>\n \t<li>Dauer: 6 &#8211; 8 Nachmittage\/Abende \u00e0 3 &#8211; 4 Stunden, je nach Wind und Wetter.<\/li>\n \t<li>Termine: jeweils Freitags zwischen Anfang Mai und Mitte Juli. Beginn nach Absprache mit den Teilnehmern zwischen 1600 und 1730 Uhr. Eventuell einzelne Ausweichdaten an Samstagen<\/li>\n \t<li>Doku: Schulungsheft 24 S.<\/li>\n \t<li>Teilnehmer: Keine seglerischen Vorkenntnisse n\u00f6tig, 100 m Schwimmen k\u00f6nnen, mindestens 15 Jahre alt, fliessend Deutsch<\/li>\n \t<li>Anmerkungen: F\u00fcr das Erlangen des D-Scheins (Segelschein Schweiz f\u00fcr Boote mit mehr als 15m2 Segelfl\u00e4che) muss vor der praktischen Pr\u00fcfung die Theoriepr\u00fcfung im Schifffahrtsamt abgelegt werden. Die Vorbereitung und Teilnahme an der Theoriepr\u00fcfung sind nicht Gegenstand dieses Kurses. Es gibt dazu geeignete PC-Lernmittel. Ebenso ist die Durchf\u00fchrung der praktischen Pr\u00fcfung nicht Teil des Kurses. Es ist jedoch m\u00f6glich, die Pr\u00fcfung auf dem Kursboot abzulegen, Absprache im Kurs.<\/li>\n \t<li>Kosten: 300.- Fr f\u00fcr Nichtmitglieder, 150.- Fr f\u00fcr Mitglieder<\/li>\n \t<li>Versicherung: Versicherung ist Sache der Teilnehmer<\/li>\n<\/ul>\t\t\t\t\t\t\t\t<\/div>\n\t\t\t\t<\/div>\n\t\t\t\t<div class=\"elementor-element elementor-element-d75bb64 elementor-widget elementor-widget-text-editor\" data-id=\"d75bb64\" data-element_type=\"widget\" data-e-type=\"widget\" data-widget_type=\"text-editor.default\">\n\t\t\t\t<div class=\"elementor-widget-container\">\n\t\t\t\t\t\t\t\t\t<p>Anmeldung und Auskunft: Martin Weilenmann, <a href=\"mailto:martin.weilenmann2@gmail.com\">martin.weilenmann2@gmail.com<\/a><\/p>\t\t\t\t\t\t\t\t<\/div>\n\t\t\t\t<\/div>\n\t\t\t\t<div class=\"elementor-element elementor-element-d23624d elementor-widget elementor-widget-text-editor\" data-id=\"d23624d\" data-element_type=\"widget\" data-e-type=\"widget\" data-widget_type=\"text-editor.default\">\n\t\t\t\t<div class=\"elementor-widget-container\">\n\t\t\t\t\t\t\t\t\t<p>Bemerkungen: Weitere Segelkurse f\u00fcr Erwachsene mit anderer Ausrichtung (Refresher, Grundkurs, Spinnakter, Regatta-Trainig, &#8230;) sind im SCaP ind Diskussion. Bitte melde dich bei Intersse bei <a href=\"mailto: gian.minar@scap.ch\">gian.minar@scap.ch<\/a>, <a href=\"mailto: markus.luethi@scap.ch\">markus.luethi@scap.ch<\/a> oder <a href=\"mailto: simon.kaiser@scap.ch\">simon.kaiser@scap.ch<\/a><\/p>\t\t\t\t\t\t\t\t<\/div>\n\t\t\t\t<\/div>\n\t\t\t\t\t<\/div>\n\t\t<\/div>\n\t\t\t\t\t<\/div>\n\t\t<\/section>\n\t\t\t\t<section class=\"elementor-section elementor-top-section elementor-element elementor-element-27f0d74 elementor-section-boxed elementor-section-height-default elementor-section-height-default\" data-id=\"27f0d74\" data-element_type=\"section\" data-e-type=\"section\">\n\t\t\t\t\t\t<div class=\"elementor-container elementor-column-gap-default\">\n\t\t\t\t\t<div class=\"elementor-column elementor-col-50 elementor-top-column elementor-element elementor-element-2db570e\" data-id=\"2db570e\" data-element_type=\"column\" data-e-type=\"column\">\n\t\t\t<div class=\"elementor-widget-wrap elementor-element-populated\">\n\t\t\t\t\t\t<div class=\"elementor-element elementor-element-dd685ff elementor-widget elementor-widget-image\" data-id=\"dd685ff\" data-element_type=\"widget\" data-e-type=\"widget\" data-widget_type=\"image.default\">\n\t\t\t\t<div class=\"elementor-widget-container\">\n\t\t\t\t\t\t\t\t\t\t\t\t\t\t\t<img decoding=\"async\" src=\"https:\/\/scap.ch\/wp-content\/uploads\/elementor\/thumbs\/New-Picture-qm6gd7h67e3lv3weljvy8xwiqzkz91xdji7rrpx9tk.png\" title=\"New Picture\" alt=\"New Picture\" loading=\"lazy\" \/>\t\t\t\t\t\t\t\t\t\t\t\t\t\t\t<\/div>\n\t\t\t\t<\/div>\n\t\t\t\t\t<\/div>\n\t\t<\/div>\n\t\t\t\t<div class=\"elementor-column elementor-col-50 elementor-top-column elementor-element elementor-element-0526edd\" data-id=\"0526edd\" data-element_type=\"column\" data-e-type=\"column\">\n\t\t\t<div class=\"elementor-widget-wrap elementor-element-populated\">\n\t\t\t\t\t\t<div class=\"elementor-element elementor-element-dcdba08 elementor-widget elementor-widget-image\" data-id=\"dcdba08\" data-element_type=\"widget\" data-e-type=\"widget\" data-widget_type=\"image.default\">\n\t\t\t\t<div class=\"elementor-widget-container\">\n\t\t\t\t\t\t\t\t\t\t\t\t\t\t\t<img decoding=\"async\" src=\"https:\/\/scap.ch\/wp-content\/uploads\/elementor\/thumbs\/New-Picture-1-qm6gd7h5itzj0vtcwbnebsdjl652885jq6s1hbkrgi.png\" title=\"New Picture (1)\" alt=\"New Picture (1)\" loading=\"lazy\" \/>\t\t\t\t\t\t\t\t\t\t\t\t\t\t\t<\/div>\n\t\t\t\t<\/div>\n\t\t\t\t\t<\/div>\n\t\t<\/div>\n\t\t\t\t\t<\/div>\n\t\t<\/section>\n\t\t\t\t<\/div>\n\t\t","protected":false},"excerpt":{"rendered":"<p>Als vorbereitung auf den D-Schein bietet der SCaP 2026 erneut einen Kundkurs f\u00fcr Erwachsene an. Alle Angaben findest Du hier: Kursform: Gruppenkurs mit 2 &#8211; 6 Teilnehmern Inhalt: Bewegung\/Man\u00f6ver auf dem Wasser: verschiedene Kurse, Kurswechsel, Wenden, Halsen Spezielle Man\u00f6ver: Segel setzen und bergen, An- und Ablegeman\u00f6ver, Mann \u00fcber Bord, Anker setzen Seemannskunde: Knoten, Schiff festmachen, [&hellip;]<\/p>\n","protected":false},"author":11,"featured_media":0,"parent":1302,"menu_order":0,"comment_status":"closed","ping_status":"closed","template":"template-full-width.php","meta":{"footnotes":""},"class_list":["post-1414","page","type-page","status-publish","hentry"],"_links":{"self":[{"href":"https:\/\/scap.ch\/index.php?rest_route=\/wp\/v2\/pages\/1414","targetHints":{"allow":["GET"]}}],"collection":[{"href":"https:\/\/scap.ch\/index.php?rest_route=\/wp\/v2\/pages"}],"about":[{"href":"https:\/\/scap.ch\/index.php?rest_route=\/wp\/v2\/types\/page"}],"author":[{"embeddable":true,"href":"https:\/\/scap.ch\/index.php?rest_route=\/wp\/v2\/users\/11"}],"replies":[{"embeddable":true,"href":"https:\/\/scap.ch\/index.php?rest_route=%2Fwp%2Fv2%2Fcomments&post=1414"}],"version-history":[{"count":28,"href":"https:\/\/scap.ch\/index.php?rest_route=\/wp\/v2\/pages\/1414\/revisions"}],"predecessor-version":[{"id":2344,"href":"https:\/\/scap.ch\/index.php?rest_route=\/wp\/v2\/pages\/1414\/revisions\/2344"}],"up":[{"embeddable":true,"href":"https:\/\/scap.ch\/index.php?rest_route=\/wp\/v2\/pages\/1302"}],"wp:attachment":[{"href":"https:\/\/scap.ch\/index.php?rest_route=%2Fwp%2Fv2%2Fmedia&parent=1414"}],"curies":[{"name":"wp","href":"https:\/\/api.w.org\/{rel}","templated":true}]}}